{"id":12,"date":"2015-10-05T12:28:34","date_gmt":"2015-10-05T10:28:34","guid":{"rendered":"http:\/\/fes-kriftel.de\/site\/?page_id=12"},"modified":"2015-11-20T14:32:59","modified_gmt":"2015-11-20T13:32:59","slug":"start","status":"publish","type":"page","link":"https:\/\/fes-kriftel.de\/site\/start\/","title":{"rendered":"Home"},"content":{"rendered":"<p>Willkommen auf www.FES-Kriftel.de<\/p>\n<p>Auf dieser Homepage finden Sie Informationen zu der Friedrich-Ebert-Str. aus Kriftel. Diese Seite wurde erstellt, um die Nachbarn* und interessierte B\u00fcrger \u00fcber die zuk\u00fcnftige Entwicklung der &#8222;drei Grundst\u00fccke&#8220; zu informieren.<\/p>\n<p style=\"padding-left: 30px;\"><a href=\"http:\/\/fes-kriftel.de\/site\/wp-content\/uploads\/2015\/10\/FES-Karte-blau-markiert.jpg\"><img loading=\"lazy\" class=\"alignnone size-medium wp-image-31\" src=\"http:\/\/fes-kriftel.de\/site\/wp-content\/uploads\/2015\/10\/FES-Karte-blau-markiert-300x192.jpg\" alt=\"FES-Karte-blau markiert\" width=\"300\" height=\"192\" srcset=\"https:\/\/fes-kriftel.de\/site\/wp-content\/uploads\/2015\/10\/FES-Karte-blau-markiert-300x192.jpg 300w, https:\/\/fes-kriftel.de\/site\/wp-content\/uploads\/2015\/10\/FES-Karte-blau-markiert-1024x654.jpg 1024w, https:\/\/fes-kriftel.de\/site\/wp-content\/uploads\/2015\/10\/FES-Karte-blau-markiert.jpg 1380w\" sizes=\"(max-width: 300px) 100vw, 300px\" \/><\/a><\/p>\n<p>Dieses Bild zeigt die komplette Friedrich-Ebert-Str. aus Kriftel<\/p>\n<p>___________________________________________________<\/p>\n<p>Liegenschaftsplan:<\/p>\n<p style=\"padding-left: 90px;\"><a href=\"http:\/\/fes-kriftel.de\/site\/wp-content\/uploads\/2015\/10\/LIEGENSCHAFTEN-FLURSTUECK-gesamt.jpg\"><img loading=\"lazy\" class=\"size-medium wp-image-32 alignleft\" src=\"http:\/\/fes-kriftel.de\/site\/wp-content\/uploads\/2015\/10\/LIEGENSCHAFTEN-FLURSTUECK-gesamt-198x300.jpg\" alt=\"LIEGENSCHAFTEN-FLURSTUECK - gesamt\" width=\"198\" height=\"300\" srcset=\"https:\/\/fes-kriftel.de\/site\/wp-content\/uploads\/2015\/10\/LIEGENSCHAFTEN-FLURSTUECK-gesamt-198x300.jpg 198w, https:\/\/fes-kriftel.de\/site\/wp-content\/uploads\/2015\/10\/LIEGENSCHAFTEN-FLURSTUECK-gesamt-677x1024.jpg 677w, https:\/\/fes-kriftel.de\/site\/wp-content\/uploads\/2015\/10\/LIEGENSCHAFTEN-FLURSTUECK-gesamt.jpg 2008w\" sizes=\"(max-width: 198px) 100vw, 198px\" \/><\/a><a href=\"http:\/\/fes-kriftel.de\/site\/wp-content\/uploads\/2015\/10\/LIEGENSCHAFTEN-FLURSTUECK-vergr\u00f6\u00dfert.jpg\"><img loading=\"lazy\" class=\"size-medium wp-image-33 aligncenter\" src=\"http:\/\/fes-kriftel.de\/site\/wp-content\/uploads\/2015\/10\/LIEGENSCHAFTEN-FLURSTUECK-vergr\u00f6\u00dfert-198x300.jpg\" alt=\"LIEGENSCHAFTEN-FLURSTUECK-vergr\u00f6\u00dfert\" width=\"198\" height=\"300\" srcset=\"https:\/\/fes-kriftel.de\/site\/wp-content\/uploads\/2015\/10\/LIEGENSCHAFTEN-FLURSTUECK-vergr\u00f6\u00dfert-198x300.jpg 198w, https:\/\/fes-kriftel.de\/site\/wp-content\/uploads\/2015\/10\/LIEGENSCHAFTEN-FLURSTUECK-vergr\u00f6\u00dfert-677x1024.jpg 677w, https:\/\/fes-kriftel.de\/site\/wp-content\/uploads\/2015\/10\/LIEGENSCHAFTEN-FLURSTUECK-vergr\u00f6\u00dfert.jpg 2008w\" sizes=\"(max-width: 198px) 100vw, 198px\" \/><\/a><\/p>\n<p style=\"padding-left: 30px;\">\n<p style=\"padding-left: 30px;\">\n","protected":false},"excerpt":{"rendered":"<p>Willkommen auf www.FES-Kriftel.de Auf dieser Homepage finden Sie Informationen zu der Friedrich-Ebert-Str. aus Kriftel. Diese Seite wurde erstellt, um die Nachbarn* und interessierte B\u00fcrger \u00fcber die zuk\u00fcnftige Entwicklung der &#8222;drei Grundst\u00fccke&#8220; zu informieren. Dieses Bild zeigt die komplette Friedrich-Ebert-Str. aus Kriftel ___________________________________________________ Liegenschaftsplan:<\/p>\n","protected":false},"author":1,"featured_media":0,"parent":0,"menu_order":0,"comment_status":"closed","ping_status":"closed","template":"","meta":[],"_links":{"self":[{"href":"https:\/\/fes-kriftel.de\/site\/wp-json\/wp\/v2\/pages\/12"}],"collection":[{"href":"https:\/\/fes-kriftel.de\/site\/wp-json\/wp\/v2\/pages"}],"about":[{"href":"https:\/\/fes-kriftel.de\/site\/wp-json\/wp\/v2\/types\/page"}],"author":[{"embeddable":true,"href":"https:\/\/fes-kriftel.de\/site\/wp-json\/wp\/v2\/users\/1"}],"replies":[{"embeddable":true,"href":"https:\/\/fes-kriftel.de\/site\/wp-json\/wp\/v2\/comments?post=12"}],"version-history":[{"count":7,"href":"https:\/\/fes-kriftel.de\/site\/wp-json\/wp\/v2\/pages\/12\/revisions"}],"predecessor-version":[{"id":47,"href":"https:\/\/fes-kriftel.de\/site\/wp-json\/wp\/v2\/pages\/12\/revisions\/47"}],"wp:attachment":[{"href":"https:\/\/fes-kriftel.de\/site\/wp-json\/wp\/v2\/media?parent=12"}],"curies":[{"name":"wp","href":"https:\/\/api.w.org\/{rel}","templated":true}]}}