{"id":14,"date":"2015-10-05T12:34:57","date_gmt":"2015-10-05T10:34:57","guid":{"rendered":"http:\/\/fes-kriftel.de\/site\/?page_id=14"},"modified":"2015-11-20T13:35:34","modified_gmt":"2015-11-20T12:35:34","slug":"ueber-uns","status":"publish","type":"page","link":"https:\/\/fes-kriftel.de\/site\/ueber-uns\/","title":{"rendered":"\u00dcber uns"},"content":{"rendered":"<p>Die Nachbarschaft der Friedrich-Ebert-Strasse aus Kriftel ist eine sehr freundliche Gemeinschaft, die sich jederzeit gr\u00fc\u00dft und beim Stra\u00dfe kehren oder Hecke schneiden auch gerne \u00fcber aktuelle Themen unterh\u00e4lt. Derzeit ist der zuk\u00fcnftige Bebauungsplan der unten aufgezeigten Flurst\u00fccke ein Gro\u00dfes Thema.<\/p>\n<p><a href=\"http:\/\/fes-kriftel.de\/site\/wp-content\/uploads\/2015\/10\/LIEGENSCHAFTEN-FLURSTUECK-vergr\u00f6\u00dfert-fragezeichen.jpg\"><img loading=\"lazy\" class=\"size-medium wp-image-23 aligncenter\" src=\"http:\/\/fes-kriftel.de\/site\/wp-content\/uploads\/2015\/10\/LIEGENSCHAFTEN-FLURSTUECK-vergr\u00f6\u00dfert-fragezeichen-198x300.jpg\" alt=\"LIEGENSCHAFTEN-FLURSTUECK-vergr\u00f6\u00dfert-fragezeichen\" width=\"198\" height=\"300\" srcset=\"https:\/\/fes-kriftel.de\/site\/wp-content\/uploads\/2015\/10\/LIEGENSCHAFTEN-FLURSTUECK-vergr\u00f6\u00dfert-fragezeichen-198x300.jpg 198w, https:\/\/fes-kriftel.de\/site\/wp-content\/uploads\/2015\/10\/LIEGENSCHAFTEN-FLURSTUECK-vergr\u00f6\u00dfert-fragezeichen-677x1024.jpg 677w, https:\/\/fes-kriftel.de\/site\/wp-content\/uploads\/2015\/10\/LIEGENSCHAFTEN-FLURSTUECK-vergr\u00f6\u00dfert-fragezeichen.jpg 2008w\" sizes=\"(max-width: 198px) 100vw, 198px\" \/><\/a><\/p>\n<p>&nbsp;<\/p>\n<p>Aus diesem Grund wurde folgender Brief an den Gemeindevorstand der Gemeinde Kriftel gesendet:<\/p>\n<p><strong>\u00a0<\/strong><\/p>\n<p><strong>Bebauung der Flurst\u00fccke 305\/133, 306\/133, 307\/133\/Friedrich-Ebert-Stra\u00dfe<\/strong><\/p>\n<p>&nbsp;<\/p>\n<p>Sehr geehrte Damen und Herren,<\/p>\n<p>im Rahmen der Bebauung des Grundst\u00fccks Platz von Airaines 3 und Sindlinger Weg 12 (Mehrfamilienhaus Mohr) und des derzeitigen Bewohnung der Container durch den Kindergarten \u201eVogelnest\u201c hat sich f\u00fcr die Anwohner der s\u00fcdwestlichen Friedrich-Ebert-Stra\u00dfe die Wohnsituation deutlich ver\u00e4ndert \u2013 leider zum Negativen. Daher haben wir uns zu einer Interessengemeinschaft zusammengeschlossen, da sich bei uns, den Anwohnern, der Eindruck verst\u00e4rkt hat, dass die Interessen und Bed\u00fcrfnisse, die zum Teil auch bereits schriftlich in Ihrem Haus vorliegen, nicht gen\u00fcgend wahrgenommen werden.<\/p>\n<p>Konkret geht es um zwei Punkte: zum einen die Parkplatzsituation in der Friedrich-Ebert-Stra\u00dfe zum jetzigen Zeitpunkt und in Zukunft, zum anderen um die zuk\u00fcnftige Bebauung des Flurst\u00fccks 305, 306 und 307\/133.<\/p>\n<p>Der nun fast fertiggestellte Bau des Hauses Platz von Airaines 3 und Sindlinger Weg 12 hat uns in dieser Form doch sehr ver\u00e4rgert, wurde uns doch hierdurch zum Teil komplett die Sicht verbaut. Da wir bef\u00fcrchten, dass auch das o. g. Grundst\u00fcck entsprechend bebaut werden soll, m\u00f6chten wir als Anwohner und zuk\u00fcnftige Nachbarn in die Planung mit einbezogen werden. Wir k\u00f6nnen nachvollziehen, dass die Gemeinde Kriftel bem\u00fcht ist, die Grundst\u00fccke m\u00f6glichst lukrativ zu ver\u00e4u\u00dfern, bitten jedoch darum, hierbei auf die bereits ans\u00e4ssigen Anwohner R\u00fccksicht zu nehmen. Hierbei m\u00f6chten wir auch darauf hinweisen, dass in den letzten Jahren viele Grundst\u00fccke an Investoren ver\u00e4u\u00dfert wurden, sicherlich, da diese h\u00f6here Preise zu bezahlen bereit waren. Dies hat jedoch zur Folge, dass Baugrundst\u00fccke nicht mehr von Krifteler Familien gekauft werden k\u00f6nnen. Dies ist doch eine bedauerliche und auch bedenkliche Entwicklung.<\/p>\n<p>Des Weiteren m\u00f6chten wir auf die desastr\u00f6se Parkplatzsituation in unserem Viertel hinweisen. Dies betrifft nicht nur die Anwohner der Friedrich-Ebert-Stra\u00dfe, sondern auch der umliegenden Stra\u00dfenz\u00fcge Sindlinger Stra\u00dfe, Paul-Duden-Stra\u00dfe sowie Platz von Airaines. Der westliche Teil der Friedrich-Ebert-Stra\u00dfe verf\u00fcgt \u00fcber keinen B\u00fcrgersteig. Ein Parken auf der Stra\u00dfe ist so gut wie nicht m\u00f6glich. Gerade breitere Wagen wie die Feuerwehr, Rettungswagen sowie M\u00fcllabfuhr und Lieferwagen sind gezwungen, gegen die Einbahnstra\u00dfe zu fahren. Nicht alle Grundst\u00fccke verf\u00fcgen \u00fcber Garagen und es entspricht nun mal der heutigen Realit\u00e4t, dass Familien zwei Fahrzeuge ben\u00f6tigen, um ihren beruflichen Verpflichtungen nachzukommen. Dadurch sind wir gezwungen, au\u00dferhalb der Friedrich-Ebert-Stra\u00dfe beispielsweise auf den P+R-Parkplatz auszuweichen und dort zu parken. Angesichts dessen, dass die weitaus meisten Neubewohner des Platz von Airaines 3 nur einen Tiefgaragenplatz gekauft haben\/kaufen konnten (Aussage des Bautr\u00e4gers), wird sich also die Parkplatzsituation mit gro\u00dfer Wahrscheinlichkeit noch mehr zuspitzen.<\/p>\n<p>Bereits zum heutigen Zeitpunkt sind beide P+R-Parkpl\u00e4tze oft voll besetzt und es ist kaum m\u00f6glich, noch einen Parkplatz zu finden. Zum anderen ist es f\u00fcr Besucher der H\u00e4user der Friedrich-Ebert-Stra\u00dfe eine Zumutung, zun\u00e4chst \u201edurch den halben Ort\u201c zu laufen, um zur gew\u00fcnschten Adresse zu gelangen. Besonders problematisch ist dies auch f\u00fcr \u00e4ltere, gehbehinderte Menschen.<\/p>\n<p>Die beiden neu gebauten Mehrfamilienh\u00e4user verf\u00fcgen \u00fcber die Mindestanforderungen der Parkpl\u00e4tze. Selbst wenn nur die H\u00e4lfte der einziehenden Familien ein Zweitauto haben, ist es leicht vorstellbar, dass dies eine Unm\u00f6glichkeit darstellen wird, hier im Viertel noch einen Parkplatz zu finden, der Unmut zwischen \u201eNeuen\u201c und \u201eAlten\u201c ist quasi vorprogrammiert.<\/p>\n<p>Dies m\u00f6chten wir auch bitten zu ber\u00fccksichtigen bei der Neubebauung der daneben liegenden Flurst\u00fccke.<\/p>\n<p>Gerne sind wir bereit, uns mit Ihnen an einen \u201eRunden Tisch\u201c zu setzen und gemeinsam eine L\u00f6sung zu finden, die sowohl die Interessen der Gemeinde Kriftel als auch die Interessen deren Bewohner ber\u00fccksichtigt.<\/p>\n<p>Mit freundlichen Gr\u00fc\u00dfen,<\/p>\n<p>Interessengemeinschaft<\/p>\n<p><a href=\"http:\/\/www.fes-kriftel.de\/\">www.FES-Kriftel.de<\/a><\/p>\n<p>&nbsp;<\/p>\n","protected":false},"excerpt":{"rendered":"<p>Die Nachbarschaft der Friedrich-Ebert-Strasse aus Kriftel ist eine sehr freundliche Gemeinschaft, die sich jederzeit gr\u00fc\u00dft und beim Stra\u00dfe kehren oder Hecke schneiden auch gerne \u00fcber aktuelle Themen unterh\u00e4lt. Derzeit ist der zuk\u00fcnftige Bebauungsplan der unten aufgezeigten Flurst\u00fccke ein Gro\u00dfes Thema. &nbsp; Aus diesem Grund wurde folgender Brief an den Gemeindevorstand der Gemeinde Kriftel gesendet: \u00a0 &#8230; <a class=\"read-more\" href=\"https:\/\/fes-kriftel.de\/site\/ueber-uns\/\">Mehr lesen<\/a><\/p>\n","protected":false},"author":1,"featured_media":0,"parent":0,"menu_order":0,"comment_status":"closed","ping_status":"closed","template":"","meta":[],"_links":{"self":[{"href":"https:\/\/fes-kriftel.de\/site\/wp-json\/wp\/v2\/pages\/14"}],"collection":[{"href":"https:\/\/fes-kriftel.de\/site\/wp-json\/wp\/v2\/pages"}],"about":[{"href":"https:\/\/fes-kriftel.de\/site\/wp-json\/wp\/v2\/types\/page"}],"author":[{"embeddable":true,"href":"https:\/\/fes-kriftel.de\/site\/wp-json\/wp\/v2\/users\/1"}],"replies":[{"embeddable":true,"href":"https:\/\/fes-kriftel.de\/site\/wp-json\/wp\/v2\/comments?post=14"}],"version-history":[{"count":6,"href":"https:\/\/fes-kriftel.de\/site\/wp-json\/wp\/v2\/pages\/14\/revisions"}],"predecessor-version":[{"id":36,"href":"https:\/\/fes-kriftel.de\/site\/wp-json\/wp\/v2\/pages\/14\/revisions\/36"}],"wp:attachment":[{"href":"https:\/\/fes-kriftel.de\/site\/wp-json\/wp\/v2\/media?parent=14"}],"curies":[{"name":"wp","href":"https:\/\/api.w.org\/{rel}","templated":true}]}}