{"id":28,"date":"2015-11-20T13:27:18","date_gmt":"2015-11-20T12:27:18","guid":{"rendered":"http:\/\/fes-kriftel.de\/site\/?page_id=28"},"modified":"2015-11-20T13:56:10","modified_gmt":"2015-11-20T12:56:10","slug":"die-bebauung-der-3-grundstuecke","status":"publish","type":"page","link":"https:\/\/fes-kriftel.de\/site\/die-bebauung-der-3-grundstuecke\/","title":{"rendered":"Die Bebauung der 3 Grundst\u00fccke"},"content":{"rendered":"<p>Hier werden bald m\u00f6gliche Bebauungsm\u00f6glichkeiten aufgezeigt.<\/p>\n<p><a href=\"http:\/\/fes-kriftel.de\/site\/wp-content\/uploads\/2015\/10\/LIEGENSCHAFTEN-FLURSTUECK-vergr\u00f6\u00dfert.jpg\"><img loading=\"lazy\" class=\"size-medium wp-image-33 aligncenter\" src=\"http:\/\/fes-kriftel.de\/site\/wp-content\/uploads\/2015\/10\/LIEGENSCHAFTEN-FLURSTUECK-vergr\u00f6\u00dfert-198x300.jpg\" alt=\"LIEGENSCHAFTEN-FLURSTUECK-vergr\u00f6\u00dfert\" width=\"198\" height=\"300\" srcset=\"https:\/\/fes-kriftel.de\/site\/wp-content\/uploads\/2015\/10\/LIEGENSCHAFTEN-FLURSTUECK-vergr\u00f6\u00dfert-198x300.jpg 198w, https:\/\/fes-kriftel.de\/site\/wp-content\/uploads\/2015\/10\/LIEGENSCHAFTEN-FLURSTUECK-vergr\u00f6\u00dfert-677x1024.jpg 677w, https:\/\/fes-kriftel.de\/site\/wp-content\/uploads\/2015\/10\/LIEGENSCHAFTEN-FLURSTUECK-vergr\u00f6\u00dfert.jpg 2008w\" sizes=\"(max-width: 198px) 100vw, 198px\" \/><\/a><\/p>\n","protected":false},"excerpt":{"rendered":"<p>Hier werden bald m\u00f6gliche Bebauungsm\u00f6glichkeiten aufgezeigt.<\/p>\n","protected":false},"author":1,"featured_media":0,"parent":0,"menu_order":0,"comment_status":"closed","ping_status":"closed","template":"","meta":[],"_links":{"self":[{"href":"https:\/\/fes-kriftel.de\/site\/wp-json\/wp\/v2\/pages\/28"}],"collection":[{"href":"https:\/\/fes-kriftel.de\/site\/wp-json\/wp\/v2\/pages"}],"about":[{"href":"https:\/\/fes-kriftel.de\/site\/wp-json\/wp\/v2\/types\/page"}],"author":[{"embeddable":true,"href":"https:\/\/fes-kriftel.de\/site\/wp-json\/wp\/v2\/users\/1"}],"replies":[{"embeddable":true,"href":"https:\/\/fes-kriftel.de\/site\/wp-json\/wp\/v2\/comments?post=28"}],"version-history":[{"count":2,"href":"https:\/\/fes-kriftel.de\/site\/wp-json\/wp\/v2\/pages\/28\/revisions"}],"predecessor-version":[{"id":43,"href":"https:\/\/fes-kriftel.de\/site\/wp-json\/wp\/v2\/pages\/28\/revisions\/43"}],"wp:attachment":[{"href":"https:\/\/fes-kriftel.de\/site\/wp-json\/wp\/v2\/media?parent=28"}],"curies":[{"name":"wp","href":"https:\/\/api.w.org\/{rel}","templated":true}]}}